{"id":3,"date":"2021-05-13T15:26:45","date_gmt":"2021-05-13T15:26:45","guid":{"rendered":"https:\/\/tenutaespada.cambiamarketing.it\/?page_id=3"},"modified":"2021-06-10T15:14:43","modified_gmt":"2021-06-10T15:14:43","slug":"privacy-policy","status":"publish","type":"page","link":"https:\/\/tenutaespada.it\/fr\/privacy-policy\/","title":{"rendered":"Privacy Policy"},"content":{"rendered":"<div data-elementor-type=\"wp-page\" data-elementor-id=\"3\" class=\"elementor elementor-3\" data-elementor-post-type=\"page\">\n\t\t\t\t\t\t\t\t\t<section class=\"elementor-section elementor-top-section elementor-element elementor-element-3df0a59 elementor-section-boxed elementor-section-height-default elementor-section-height-default\" data-id=\"3df0a59\" data-element_type=\"section\">\n\t\t\t\t\t\t<div class=\"elementor-container elementor-column-gap-default\">\n\t\t\t\t\t<div class=\"elementor-column elementor-col-100 elementor-top-column elementor-element elementor-element-618ac43\" data-id=\"618ac43\" data-element_type=\"column\">\n\t\t\t<div class=\"elementor-widget-wrap elementor-element-populated\">\n\t\t\t\t\t\t\t\t<div class=\"elementor-element elementor-element-80b7c4c elementor-widget elementor-widget-heading\" data-id=\"80b7c4c\" data-element_type=\"widget\" data-widget_type=\"heading.default\">\n\t\t\t\t<div class=\"elementor-widget-container\">\n\t\t\t<h2 class=\"elementor-heading-title elementor-size-default\">Privacy Policy<\/h2>\t\t<\/div>\n\t\t\t\t<\/div>\n\t\t\t\t<div class=\"elementor-element elementor-element-12e60fd0 elementor-widget elementor-widget-text-editor\" data-id=\"12e60fd0\" data-element_type=\"widget\" data-widget_type=\"text-editor.default\">\n\t\t\t\t<div class=\"elementor-widget-container\">\n\t\t\t\t\t\t\t<p><strong>Parties int\u00e9ress\u00e9es : Navigateurs<\/strong><\/p>\n<p>Conform\u00e9ment au r\u00e8glement (UE) 2016\/679 (ci-apr\u00e8s le \"r\u00e8glement\"), cette page d\u00e9crit les modalit\u00e9s de traitement des donn\u00e9es personnelles des utilisateurs qui consultent le site internet accessible par voie \u00e9lectronique \u00e0 l'adresse suivante :\u00a0<a href=\"https:\/\/tenutaespada.it\/fr\/\">https:\/\/www.tenutaespada.it\/<\/a><\/p>\n<p>Ces informations ne concernent pas les autres sites, pages ou services en ligne accessibles par des liens hypertextes \u00e9ventuellement publi\u00e9s sur les sites mais renvoyant \u00e0 des ressources ext\u00e9rieures au domaine du Propri\u00e9taire.<\/p>\n<p class=\"translation-block\">Veuillez noter que la politique de confidentialit\u00e9 peut \u00eatre modifi\u00e9e de temps \u00e0 autre en raison de l'activation de nouveaux services ou \u00e0 la suite de mises \u00e0 jour de la l\u00e9gislation. Il est donc conseill\u00e9 de v\u00e9rifier p\u00e9riodiquement toute nouveaut\u00e9 en la mati\u00e8re en consultant le site susmentionn\u00e9. Cette page d\u00e9crit comment le site est g\u00e9r\u00e9 en ce qui concerne le traitement des donn\u00e9es personnelles des utilisateurs qui le consultent. Cette information est \u00e9galement fournie en vertu de l'article 13. du r\u00e8glement (UE) relatif \u00e0 la protection des personnes physiques \u00e0 l'\u00e9gard du traitement des donn\u00e9es \u00e0 caract\u00e8re personnel \u00e0 ceux qui interagissent avec les <em>web <\/em>services<\/em> de <strong>\"TENUTA ESPADA\", <\/strong>accessible par internet depuis l'adresse <a href=\"mailto:info@tenutaespada.it\" target=\"_self\">info@tenutaespada.it<\/a><a href=\"mailto:romignano@gmail.com\" target=\"_self\"> <\/a> le traitement des donn\u00e9es est d\u00e9fini dans la politique d'information et de cookies correspondant \u00e0 la premi\u00e8re page du site officiel <a href=\"https:\/\/tenutaespada.it\/fr\/\" target=\"_self\">https:\/\/www.tenutaespada.it<\/a>.<\/p>\n<p>\u00a0<\/p>\n<p class=\"translation-block\">Cette d\u00e9claration ne concerne que le site web de <strong>\"TENUTA ESPADA\"<\/strong> et non les autres <em>sites web<\/em> qui peuvent \u00eatre consult\u00e9s par l'utilisateur par le biais du <em>lien<\/em>.<\/p>\n<h1>LE CONTR\u00d4LEUR DES DONN\u00c9ES<\/h1>\n<p><strong>\u00a0<\/strong><\/p>\n<p>Suite \u00e0 la consultation de ce site, des donn\u00e9es relatives \u00e0 des personnes identifi\u00e9es ou identifiables peuvent \u00eatre trait\u00e9es.<\/p>\n<p>\u00a0<\/p>\n<p class=\"translation-block\">Le \"titulaire\" de leur traitement est <strong>\"TENUTA ESPADA\", <\/strong>dont le si\u00e8ge social et op\u00e9rationnel se trouve \u00e0 SP52 GALLIPOLI (LECCE) 73017 ITALY<\/p>\n<p>\u00a0<\/p>\n<p class=\"translation-block\">Les donn\u00e9es personnelles indiqu\u00e9es sur cette page sont trait\u00e9es par <strong>\"TENUTA ESPADA\", <\/strong>pour l'exercice de ses activit\u00e9s. Le consentement, l'ex\u00e9cution d'un contrat, le respect d'une obligation l\u00e9gale ainsi que la poursuite d'un int\u00e9r\u00eat l\u00e9gitime sont les bases l\u00e9gales qui, en fonction du traitement des donn\u00e9es effectu\u00e9 sur le site internet susmentionn\u00e9, seront poursuivies.<\/p>\n<p>\u00a0<\/p>\n<h1>LIEU DE TRAITEMENT DES DONN\u00c9ES<\/h1>\n<p><strong>\u00a0<\/strong><\/p>\n<p class=\"translation-block\">Les op\u00e9rations de traitement li\u00e9es aux <em>web <\/em>services de ce site web sont effectu\u00e9es en <strong><em>Italie<\/u><\/em><\/strong>, et sont g\u00e9r\u00e9es par le prestataire de services <em>SingleHop <\/em> et sont effectu\u00e9es par le personnel technique <em>de Spring Marketing <\/em>et par d'autres personnes charg\u00e9es par <strong>\"TENUTA ESPADA\"<\/strong> de la mise \u00e0 jour et de la maintenance. Aucune donn\u00e9e d\u00e9rivant du <em>web <\/em>service n'est diffus\u00e9e. Les donn\u00e9es personnelles fournies volontairement par les utilisateurs qui soumettent des demandes de contact sont utilis\u00e9es uniquement dans le but de fournir le service ou la prestation demand\u00e9e, \u00e9ventuellement aussi par l'interm\u00e9diaire de prestataires de services externes.<\/p>\n<p>\u00a0<\/p>\n<h1>TYPES DE DONN\u00c9ES TRAIT\u00c9ES ET FINALIT\u00c9S DU TRAITEMENT<\/h1>\n<p><em>Donn\u00e9es de navigation<\/em><\/p>\n<p>Les syst\u00e8mes informatiques et les proc\u00e9dures logicielles utilis\u00e9s pour faire fonctionner ce site acqui\u00e8rent, au cours de leur fonctionnement normal, certaines donn\u00e9es personnelles dont la transmission est implicite dans les protocoles de communication d'Internet.<\/p>\n<p>Cette cat\u00e9gorie de donn\u00e9es comprend les adresses IP ou les noms de domaine des ordinateurs et des terminaux utilis\u00e9s par les utilisateurs, les adresses URI\/URL (Uniform Resource Identifier\/Locator) des ressources demand\u00e9es, l'heure de la demande, la m\u00e9thode utilis\u00e9e pour soumettre la demande au serveur, la taille du fichier obtenu en r\u00e9ponse, le code num\u00e9rique indiquant l'\u00e9tat de la r\u00e9ponse donn\u00e9e par le serveur (succ\u00e8s, erreur, etc.) et d'autres param\u00e8tres relatifs au syst\u00e8me d'exploitation et \u00e0 l'environnement informatique de l'utilisateur.<\/p>\n<p>Ces donn\u00e9es, n\u00e9cessaires \u00e0 l'utilisation des services web, sont \u00e9galement trait\u00e9es dans le but de :<\/p>\n<h2>\u00a0<\/h2>\n<ul>\n<li>Obtenir des informations statistiques sur l'utilisation des services (pages les plus visit\u00e9es, nombre de visiteurs par tranche horaire ou par jour, zones g\u00e9ographiques d'origine, ) ;<\/li>\n<li>V\u00e9rifier le bon fonctionnement des services<\/li>\n<\/ul>\n<p><em>Donn\u00e9es fournies par l'utilisateur<\/em><\/p>\n<p class=\"translation-block\">L'envoi facultatif, explicite et volontaire de messages aux adresses de contact de <strong>\"TENUTA ESPADA\",<\/strong> ainsi que le remplissage et la transmission des formulaires pr\u00e9sents sur le site <a href=\"https:\/\/tenutaespada.it\/fr\/\" target=\"_self\">https:\/\/www.tenutaespada.it<\/a> impliquent l'acquisition des coordonn\u00e9es de l'exp\u00e9diteur, n\u00e9cessaires pour r\u00e9pondre, ainsi que de toute autre donn\u00e9e personnelle incluse dans la communication.<\/p>\n<p class=\"translation-block\">Des informations sp\u00e9cifiques seront publi\u00e9es dans les pages du site <a href=\"https:\/\/tenutaespada.it\/fr\/\" target=\"_self\">https:\/\/www.tenutaespada.it<\/a> pr\u00e9par\u00e9es pour la fourniture de certains services.<\/p>\n<p><em>Cookies et autres syst\u00e8mes de suivi<\/em><\/p>\n<p>Nous n'utilisons pas de cookies pour le profilage des utilisateurs.<\/p>\n<p>En revanche, les cookies de session (non persistants) sont utilis\u00e9s de mani\u00e8re strictement limit\u00e9e \u00e0 ce qui est n\u00e9cessaire pour une navigation s\u00fbre et efficace des sites. La m\u00e9morisation des cookies de session dans les terminaux ou les navigateurs est sous le contr\u00f4le de l'utilisateur, tandis que sur les serveurs, \u00e0 la fin des sessions HTTP, les informations relatives aux cookies restent enregistr\u00e9es dans les logs des services, avec des dur\u00e9es de conservation sp\u00e9cifiques \u00e0 chaque tiers gestionnaire du service. Les donn\u00e9es \u00e9ventuellement acquises par le biais des cookies, ainsi que les modalit\u00e9s de leur gestion, sont d\u00e9crites en d\u00e9tail dans le document \"politique en mati\u00e8re de cookies\".<\/p>\n<h1>POSSIBILIT\u00c9 DE FOURNIR DES DONN\u00c9ES<\/h1>\n<p><strong>\u00a0<\/strong><\/p>\n<p class=\"translation-block\">En dehors de ce qui est sp\u00e9cifi\u00e9 pour les donn\u00e9es de navigation, l'utilisateur est libre de fournir les donn\u00e9es personnelles contenues dans les formulaires de demande d'information \u00e0 <strong>\"TENUTA ESPADA\"<\/strong>chaque fois que ces donn\u00e9es sont requises seront fournies des informations sp\u00e9cifiques et, le cas \u00e9ch\u00e9ant, le consentement requis.<\/p>\n<p>\u00a0<\/p>\n<h1>MODALIT\u00c9S DE TRAITEMENT<\/h1>\n<p><strong>\u00a0<\/strong><\/p>\n<p>Les donn\u00e9es personnelles sont trait\u00e9es par des outils automatis\u00e9s pendant le temps strictement n\u00e9cessaire pour atteindre les objectifs pour lesquels elles ont \u00e9t\u00e9 collect\u00e9es. Des mesures de s\u00e9curit\u00e9 sp\u00e9cifiques sont observ\u00e9es pour pr\u00e9venir la perte de donn\u00e9es, l'utilisation illicite ou incorrecte et l'acc\u00e8s non autoris\u00e9. Nous vous informons que, dans le but de fournir un service complet, il existe des liens vers d'autres sites web g\u00e9r\u00e9s par d'autres propri\u00e9taires. Nous d\u00e9clinons toute responsabilit\u00e9 en cas d'erreurs, de contenus, de cookies, de publication de contenus immoraux ou illicites, de publicit\u00e9, de banni\u00e8res ou de fichiers non conformes \u00e0 la r\u00e9glementation en vigueur et au respect de la l\u00e9gislation sur la protection de la vie priv\u00e9e par des sites non g\u00e9r\u00e9s par nous auxquels il est fait r\u00e9f\u00e9rence.<\/p>\n<p>\u00a0<\/p>\n<h1>DESTINATAIRES DES DONN\u00c9ES<\/h1>\n<p>Les destinataires des donn\u00e9es collect\u00e9es suite \u00e0 la consultation du site \u00e9num\u00e9r\u00e9 ci-dessus sont les sujets suivants d\u00e9sign\u00e9s par<\/p>\n<p class=\"translation-block\"><strong>\"TENUTA ESPADA\"<\/strong>, conform\u00e9ment \u00e0 l'article 28 du r\u00e8glement, en tant que responsables du traitement des donn\u00e9es.<\/p>\n<ul>\n<li class=\"translation-block\"><em>Spring Marketing <\/em>en tant que fournisseur de services de d\u00e9veloppement et de maintenance de plateformes web ;<\/li>\n<li><u>\u00a0\u00a0\u00a0\u00a0\u00a0\u00a0\u00a0\u00a0\u00a0\u00a0\u00a0\u00a0\u00a0\u00a0\u00a0\u00a0\u00a0\u00a0\u00a0\u00a0\u00a0\u00a0\u00a0\u00a0\u00a0\u00a0\u00a0\u00a0\u00a0\u00a0\u00a0\u00a0\u00a0\u00a0\u00a0\u00a0\u00a0\u00a0\u00a0\u00a0\u00a0\u00a0\u00a0\u00a0\u00a0\u00a0\u00a0\u00a0\u00a0\u00a0\u00a0\u00a0\u00a0\u00a0\u00a0\u00a0<\/u>en relation avec le site en tant que fournisseur de services pour le d\u00e9veloppement, la livraison et la gestion op\u00e9rationnelle des plateformes technologiques.<\/li>\n<\/ul>\n<p class=\"translation-block\">Les donn\u00e9es personnelles collect\u00e9es sont \u00e9galement trait\u00e9es par le personnel de <strong>\"TENUTA ESPADA\"<\/strong>, qui agit sur la base d'instructions sp\u00e9cifiques concernant les objectifs et les m\u00e9thodes de traitement.<\/p>\n<p>\u00a0<\/p>\n<p><strong><u>Transfert de donn\u00e9es \u00e0 l'\u00e9tranger<\/u><\/strong><\/p>\n<p><strong>\u00a0<\/strong><\/p>\n<p class=\"translation-block\">Le propri\u00e9taire fait appel \u00e0 des processeurs de donn\u00e9es situ\u00e9s dans des pays non membres de l'UE, notamment :<u> <\/u>avec la garantie de l'adoption de mesures telles que des clauses contractuelles types, en cas d'adh\u00e9sion des \u00c9tats-Unis \u00e0 l'accord international Privacy Shield, ou avec le consentement des personnes concern\u00e9es.<\/p>\n<p>\u00a0<\/p>\n<h1>DROITS DES PARTIES INT\u00c9RESS\u00c9ES<\/h1>\n<p>Vous avez le droit d'obtenir du propri\u00e9taire l'annulation (droit \u00e9ventuel \u00e0 l'oubli), la limitation, la mise \u00e0 jour, la rectification, la portabilit\u00e9, l'opposition au traitement des donn\u00e9es personnelles vous concernant, ainsi que de mani\u00e8re g\u00e9n\u00e9rale vous pouvez exercer tous les droits pr\u00e9vus par les articles 15, 16, 17, 18, 19, 20, 21, 22 du GDPR, le cas \u00e9ch\u00e9ant en ce qui concerne les finalit\u00e9s du traitement des donn\u00e9es.<\/p>\n<h2>\u00a0<\/h2>\n<h1>REG.TO UE 2016\/679: ARTT. 15, 16, 17, 18, 19, 20, 21, 22 \u2013<\/h1>\n<ol>\n<li>L'int\u00e9ress\u00e9 a le droit d'obtenir la confirmation de l'existence ou non de donn\u00e9es \u00e0 caract\u00e8re personnel le concernant, m\u00eame si elles ne sont pas encore enregistr\u00e9es, et leur communication sous forme<\/li>\n<\/ol>\n<p>\u00a0<\/p>\n<ol start=\"2\">\n<li>La partie int\u00e9ress\u00e9e a le droit d'obtenir l'indication :<\/li>\n<li>l'origine des donn\u00e9es personnelles ;<\/li>\n<li>les finalit\u00e9s et les m\u00e9thodes de traitement ;<\/li>\n<li>la logique appliqu\u00e9e en cas de traitement \u00e0 l'aide d'instruments \u00e9lectroniques ;<\/li>\n<li>les donn\u00e9es d'identification du propri\u00e9taire, des gestionnaires et du repr\u00e9sentant d\u00e9sign\u00e9 en vertu de l'article 5, paragraphe 2 ;<\/li>\n<li>des entit\u00e9s ou cat\u00e9gories d'entit\u00e9s auxquelles les donn\u00e9es \u00e0 caract\u00e8re personnel peuvent \u00eatre communiqu\u00e9es et qui peuvent en prendre connaissance en leur qualit\u00e9 de repr\u00e9sentant(s) d\u00e9sign\u00e9(s) sur le territoire de l'\u00c9tat, de responsable(s) du traitement ou de personne(s) charg\u00e9e(s) du traitement ou de la gestion des donn\u00e9es.<\/li>\n<\/ol>\n<p>\u00a0<\/p>\n<ol start=\"3\">\n<li>La partie int\u00e9ress\u00e9e a le droit d'obtenir :<\/li>\n<li>la mise \u00e0 jour, la rectification ou, le cas \u00e9ch\u00e9ant, l'int\u00e9gration des donn\u00e9es ;<\/li>\n<li>l'annulation, la transformation sous forme anonyme ou le blocage des donn\u00e9es trait\u00e9es en violation de la loi, y compris les donn\u00e9es dont la conservation n'est pas n\u00e9cessaire aux fins pour lesquelles les donn\u00e9es ont \u00e9t\u00e9 collect\u00e9es ou trait\u00e9es ult\u00e9rieurement ;<\/li>\n<li>la certification que les op\u00e9rations vis\u00e9es aux lettres a) et b) ont \u00e9t\u00e9 notifi\u00e9es, ainsi que leur contenu, aux entit\u00e9s auxquelles les donn\u00e9es ont \u00e9t\u00e9 communiqu\u00e9es ou diffus\u00e9es, sauf si cette exigence s'av\u00e8re impossible ou implique un effort manifestement disproportionn\u00e9 par rapport au droit \u00e0 prot\u00e9ger ;<\/li>\n<li>portabilit\u00e9 des donn\u00e9es<\/li>\n<\/ol>\n<p>\u00a0<\/p>\n<p>\u00a0<\/p>\n<ol start=\"4\">\n<li>La personne concern\u00e9e a le droit de s'opposer, en tout ou en partie :<\/li>\n<li>pour des raisons l\u00e9gitimes au traitement des donn\u00e9es personnelles le concernant, m\u00eame si elles sont pertinentes au but de la collecte ;<\/li>\n<li>au traitement des donn\u00e9es personnelles qui le concernent, lorsqu'il est effectu\u00e9 \u00e0 des fins d'envoi de mat\u00e9riel publicitaire ou de vente directe ou encore pour la r\u00e9alisation d'\u00e9tudes de march\u00e9 ou de communication commerciale.<\/li>\n<\/ol>\n<p>\u00a0<\/p>\n<p>\u00a0<\/p>\n<h1>DROIT DE PLAINTE<\/h1>\n<p>Les personnes concern\u00e9es qui estiment que le traitement des donn\u00e9es personnelles les concernant effectu\u00e9 par le biais de ce site est contraire aux dispositions du R\u00e8glement ont le droit d'introduire une plainte aupr\u00e8s du Garant, comme le pr\u00e9voit l'art. 77 du R\u00e8glement lui-m\u00eame, ou d'engager une action en justice (art. 79 du R\u00e8glement).<\/p>\t\t\t\t\t\t<\/div>\n\t\t\t\t<\/div>\n\t\t\t\t\t<\/div>\n\t\t<\/div>\n\t\t\t\t\t\t\t<\/div>\n\t\t<\/section>\n\t\t\t\t\t\t\t<\/div>","protected":false},"excerpt":{"rendered":"<p>Privacy Policy Soggetti Interessati: Navigatori Ai sensi del Regolamento (UE)&nbsp;2016\/679&nbsp;(di seguito \u201cRegolamento\u201d), questa pagina descrive le modalit\u00e0 di trattamento dei dati personali degli utenti che consultano il sito web accessibile per via telematica al seguente indirizzo:&nbsp;https:\/\/www.tenutaespada.it\/ Le presenti informazioni non riguardano altri siti, pagine o servizi online raggiungibili tramite link ipertestuali eventualmente pubblicati nei siti [&hellip;]<\/p>","protected":false},"author":1,"featured_media":0,"parent":0,"menu_order":0,"comment_status":"closed","ping_status":"open","template":"elementor_header_footer","meta":{"footnotes":""},"class_list":["post-3","page","type-page","status-publish","hentry"],"_links":{"self":[{"href":"https:\/\/tenutaespada.it\/fr\/wp-json\/wp\/v2\/pages\/3","targetHints":{"allow":["GET"]}}],"collection":[{"href":"https:\/\/tenutaespada.it\/fr\/wp-json\/wp\/v2\/pages"}],"about":[{"href":"https:\/\/tenutaespada.it\/fr\/wp-json\/wp\/v2\/types\/page"}],"author":[{"embeddable":true,"href":"https:\/\/tenutaespada.it\/fr\/wp-json\/wp\/v2\/users\/1"}],"replies":[{"embeddable":true,"href":"https:\/\/tenutaespada.it\/fr\/wp-json\/wp\/v2\/comments?post=3"}],"version-history":[{"count":7,"href":"https:\/\/tenutaespada.it\/fr\/wp-json\/wp\/v2\/pages\/3\/revisions"}],"predecessor-version":[{"id":552,"href":"https:\/\/tenutaespada.it\/fr\/wp-json\/wp\/v2\/pages\/3\/revisions\/552"}],"wp:attachment":[{"href":"https:\/\/tenutaespada.it\/fr\/wp-json\/wp\/v2\/media?parent=3"}],"curies":[{"name":"wp","href":"https:\/\/api.w.org\/{rel}","templated":true}]}}